{"id":440,"date":"2021-02-25T21:39:37","date_gmt":"2021-02-25T21:39:37","guid":{"rendered":"https:\/\/www.telyphone.es\/?post_type=product&#038;p=440"},"modified":"2021-02-25T23:22:30","modified_gmt":"2021-02-25T23:22:30","slug":"fibra-masmovil","status":"publish","type":"product","link":"https:\/\/www.telyphone.es\/index.php\/producto\/fibra-masmovil\/","title":{"rendered":"Fibra M\u00e1sM\u00f3vil"},"content":{"rendered":"<p><strong><span class=\"MuiTypography-root jss717 MuiTypography-h2 MuiTypography-alignCenter\">Los m\u00e1s r\u00e1pidos<\/span><\/strong><\/p>\n<p class=\"MuiTypography-root light MuiTypography-body2 MuiTypography-alignCenter\">\u00a1Es oficial! La fibra de M\u00c1SM\u00d3VIL es la m\u00e1s r\u00e1pida de Espa\u00f1a. As\u00ed lo certifica el an\u00e1lisis de nPerf, y nos esforzamos por seguir mejorando.<\/p>\n<p><strong><span class=\"MuiTypography-root jss717 MuiTypography-h2 MuiTypography-alignCenter\">Nos preocupamos por ti<\/span><\/strong><\/p>\n<p class=\"MuiTypography-root light MuiTypography-body2 MuiTypography-alignCenter\">Queremos hacer que el cambio para ti sea lo m\u00e1s sencillo posible. Nos adaptamos a tu horario para realizar la instalaci\u00f3n y estamos disponibles para lo que necesites.<\/p>\n<p><strong><span class=\"MuiTypography-root jss717 MuiTypography-h2 MuiTypography-alignCenter\">Precios para siempre<\/span><\/strong><\/p>\n<p class=\"MuiTypography-root light MuiTypography-body2 MuiTypography-alignCenter\">Una vez contratada tu tarifa, nunca te subiremos el precio final indicado. Para que puedas despreocuparte de tu factura y centrarte en lo importante.<\/p>\n","protected":false},"excerpt":{"rendered":"<p>Los m\u00e1s r\u00e1pidos \u00a1Es oficial! La fibra de M\u00c1SM\u00d3VIL es la m\u00e1s r\u00e1pida de Espa\u00f1a. As\u00ed lo certifica el an\u00e1lisis&hellip;<\/p>\n","protected":false},"featured_media":463,"comment_status":"open","ping_status":"closed","template":"","meta":[],"class_list":["post-440","product","type-product","status-publish","has-post-thumbnail","hentry","product_cat-fibra"],"_links":{"self":[{"href":"https:\/\/www.telyphone.es\/index.php\/wp-json\/wp\/v2\/product\/440","targetHints":{"allow":["GET"]}}],"collection":[{"href":"https:\/\/www.telyphone.es\/index.php\/wp-json\/wp\/v2\/product"}],"about":[{"href":"https:\/\/www.telyphone.es\/index.php\/wp-json\/wp\/v2\/types\/product"}],"replies":[{"embeddable":true,"href":"https:\/\/www.telyphone.es\/index.php\/wp-json\/wp\/v2\/comments?post=440"}],"wp:featuredmedia":[{"embeddable":true,"href":"https:\/\/www.telyphone.es\/index.php\/wp-json\/wp\/v2\/media\/463"}],"wp:attachment":[{"href":"https:\/\/www.telyphone.es\/index.php\/wp-json\/wp\/v2\/media?parent=440"}],"curies":[{"name":"wp","href":"https:\/\/api.w.org\/{rel}","templated":true}]}}